{"id":5472,"date":"2025-01-31T09:32:56","date_gmt":"2025-01-31T08:32:56","guid":{"rendered":"https:\/\/domaunas.sk\/?page_id=5472"},"modified":"2025-03-02T15:46:40","modified_gmt":"2025-03-02T14:46:40","slug":"alternativne-riesenie-sporov","status":"publish","type":"page","link":"https:\/\/domaunas.sk\/en\/alternativne-riesenie-sporov\/","title":{"rendered":"Alternative dispute resolution"},"content":{"rendered":"<div data-elementor-type=\"wp-page\" data-elementor-id=\"5472\" class=\"elementor elementor-5472\">\n\t\t\t\t\t\t<section class=\"elementor-section elementor-top-section elementor-element elementor-element-8088c89 elementor-section-boxed elementor-section-height-default elementor-section-height-default\" data-id=\"8088c89\" data-element_type=\"section\" data-e-type=\"section\" data-settings=\"{&quot;grandrestaurant_ext_is_background_parallax&quot;:&quot;false&quot;,&quot;grandrestaurant_ext_is_background_backdrop&quot;:&quot;false&quot;,&quot;grandrestaurant_ext_is_background_on_scroll&quot;:&quot;false&quot;}\">\n\t\t\t\t\t\t<div class=\"elementor-container elementor-column-gap-default\">\n\t\t\t\t\t<div class=\"elementor-column elementor-col-100 elementor-top-column elementor-element elementor-element-981ff1e\" data-id=\"981ff1e\" data-element_type=\"column\" data-e-type=\"column\" data-settings=\"{&quot;background_background&quot;:&quot;classic&quot;,&quot;grandrestaurant_ext_is_scrollme&quot;:&quot;true&quot;,&quot;grandrestaurant_ext_scrollme_translatey&quot;:{&quot;unit&quot;:&quot;px&quot;,&quot;size&quot;:-150,&quot;sizes&quot;:[]},&quot;grandrestaurant_ext_link_reservation&quot;:&quot;false&quot;,&quot;grandrestaurant_ext_link_sidemenu&quot;:&quot;false&quot;,&quot;grandrestaurant_ext_link_fullmenu&quot;:&quot;false&quot;,&quot;grandrestaurant_ext_link_closed_fullmenu&quot;:&quot;false&quot;,&quot;grandrestaurant_ext_scrollme_disable&quot;:&quot;mobile&quot;,&quot;grandrestaurant_ext_scrollme_smoothness&quot;:{&quot;unit&quot;:&quot;px&quot;,&quot;size&quot;:30,&quot;sizes&quot;:[]},&quot;grandrestaurant_ext_scrollme_scalex&quot;:{&quot;unit&quot;:&quot;px&quot;,&quot;size&quot;:1,&quot;sizes&quot;:[]},&quot;grandrestaurant_ext_scrollme_scaley&quot;:{&quot;unit&quot;:&quot;px&quot;,&quot;size&quot;:1,&quot;sizes&quot;:[]},&quot;grandrestaurant_ext_scrollme_scalez&quot;:{&quot;unit&quot;:&quot;px&quot;,&quot;size&quot;:1,&quot;sizes&quot;:[]},&quot;grandrestaurant_ext_scrollme_rotatex&quot;:{&quot;unit&quot;:&quot;px&quot;,&quot;size&quot;:0,&quot;sizes&quot;:[]},&quot;grandrestaurant_ext_scrollme_rotatey&quot;:{&quot;unit&quot;:&quot;px&quot;,&quot;size&quot;:0,&quot;sizes&quot;:[]},&quot;grandrestaurant_ext_scrollme_rotatez&quot;:{&quot;unit&quot;:&quot;px&quot;,&quot;size&quot;:0,&quot;sizes&quot;:[]},&quot;grandrestaurant_ext_scrollme_translatex&quot;:{&quot;unit&quot;:&quot;px&quot;,&quot;size&quot;:0,&quot;sizes&quot;:[]},&quot;grandrestaurant_ext_scrollme_translatez&quot;:{&quot;unit&quot;:&quot;px&quot;,&quot;size&quot;:0,&quot;sizes&quot;:[]},&quot;grandrestaurant_ext_is_smoove&quot;:&quot;false&quot;,&quot;grandrestaurant_ext_is_parallax_mouse&quot;:&quot;false&quot;,&quot;grandrestaurant_ext_is_infinite&quot;:&quot;false&quot;,&quot;grandrestaurant_ext_is_fadeout_animation&quot;:&quot;false&quot;,&quot;grandrestaurant_ext_mobile_static&quot;:&quot;false&quot;}\">\n\t\t\t<div class=\"elementor-widget-wrap elementor-element-populated\">\n\t\t\t\t\t\t<div class=\"elementor-element elementor-element-37a1e85 elementor-widget elementor-widget-heading\" data-id=\"37a1e85\" data-element_type=\"widget\" data-e-type=\"widget\" data-settings=\"{&quot;grandrestaurant_ext_is_smoove&quot;:&quot;true&quot;,&quot;grandrestaurant_ext_smoove_disable&quot;:&quot;769&quot;,&quot;grandrestaurant_ext_smoove_duration&quot;:1000,&quot;grandrestaurant_ext_smoove_translatey&quot;:{&quot;unit&quot;:&quot;px&quot;,&quot;size&quot;:40,&quot;sizes&quot;:[]},&quot;grandrestaurant_ext_link_reservation&quot;:&quot;false&quot;,&quot;grandrestaurant_ext_link_sidemenu&quot;:&quot;false&quot;,&quot;grandrestaurant_ext_link_fullmenu&quot;:&quot;false&quot;,&quot;grandrestaurant_ext_link_closed_fullmenu&quot;:&quot;false&quot;,&quot;grandrestaurant_ext_is_scrollme&quot;:&quot;false&quot;,&quot;grandrestaurant_ext_smoove_scalex&quot;:{&quot;unit&quot;:&quot;px&quot;,&quot;size&quot;:1,&quot;sizes&quot;:[]},&quot;grandrestaurant_ext_smoove_scaley&quot;:{&quot;unit&quot;:&quot;px&quot;,&quot;size&quot;:1,&quot;sizes&quot;:[]},&quot;grandrestaurant_ext_smoove_rotatex&quot;:{&quot;unit&quot;:&quot;px&quot;,&quot;size&quot;:0,&quot;sizes&quot;:[]},&quot;grandrestaurant_ext_smoove_rotatey&quot;:{&quot;unit&quot;:&quot;px&quot;,&quot;size&quot;:0,&quot;sizes&quot;:[]},&quot;grandrestaurant_ext_smoove_rotatez&quot;:{&quot;unit&quot;:&quot;px&quot;,&quot;size&quot;:0,&quot;sizes&quot;:[]},&quot;grandrestaurant_ext_smoove_translatex&quot;:{&quot;unit&quot;:&quot;px&quot;,&quot;size&quot;:0,&quot;sizes&quot;:[]},&quot;grandrestaurant_ext_smoove_translatez&quot;:{&quot;unit&quot;:&quot;px&quot;,&quot;size&quot;:0,&quot;sizes&quot;:[]},&quot;grandrestaurant_ext_smoove_skewx&quot;:{&quot;unit&quot;:&quot;px&quot;,&quot;size&quot;:0,&quot;sizes&quot;:[]},&quot;grandrestaurant_ext_smoove_skewy&quot;:{&quot;unit&quot;:&quot;px&quot;,&quot;size&quot;:0,&quot;sizes&quot;:[]},&quot;grandrestaurant_ext_smoove_perspective&quot;:{&quot;unit&quot;:&quot;px&quot;,&quot;size&quot;:1000,&quot;sizes&quot;:[]},&quot;grandrestaurant_ext_is_parallax_mouse&quot;:&quot;false&quot;,&quot;grandrestaurant_ext_is_infinite&quot;:&quot;false&quot;,&quot;grandrestaurant_ext_is_fadeout_animation&quot;:&quot;false&quot;,&quot;grandrestaurant_ext_mobile_static&quot;:&quot;false&quot;}\" data-widget_type=\"heading.default\">\n\t\t\t\t<div class=\"elementor-widget-container\">\n\t\t\t\t\t<h2 class=\"elementor-heading-title elementor-size-default\">Domau n\u00e1s<\/h2>\t\t\t\t<\/div>\n\t\t\t\t<\/div>\n\t\t\t\t<div class=\"elementor-element elementor-element-70de71b elementor-widget__width-initial elementor-widget elementor-widget-heading\" data-id=\"70de71b\" data-element_type=\"widget\" data-e-type=\"widget\" data-settings=\"{&quot;grandrestaurant_ext_is_smoove&quot;:&quot;true&quot;,&quot;grandrestaurant_ext_smoove_disable&quot;:&quot;769&quot;,&quot;grandrestaurant_ext_smoove_duration&quot;:1000,&quot;grandrestaurant_ext_smoove_translatey&quot;:{&quot;unit&quot;:&quot;px&quot;,&quot;size&quot;:40,&quot;sizes&quot;:[]},&quot;grandrestaurant_ext_link_reservation&quot;:&quot;false&quot;,&quot;grandrestaurant_ext_link_sidemenu&quot;:&quot;false&quot;,&quot;grandrestaurant_ext_link_fullmenu&quot;:&quot;false&quot;,&quot;grandrestaurant_ext_link_closed_fullmenu&quot;:&quot;false&quot;,&quot;grandrestaurant_ext_is_scrollme&quot;:&quot;false&quot;,&quot;grandrestaurant_ext_smoove_scalex&quot;:{&quot;unit&quot;:&quot;px&quot;,&quot;size&quot;:1,&quot;sizes&quot;:[]},&quot;grandrestaurant_ext_smoove_scaley&quot;:{&quot;unit&quot;:&quot;px&quot;,&quot;size&quot;:1,&quot;sizes&quot;:[]},&quot;grandrestaurant_ext_smoove_rotatex&quot;:{&quot;unit&quot;:&quot;px&quot;,&quot;size&quot;:0,&quot;sizes&quot;:[]},&quot;grandrestaurant_ext_smoove_rotatey&quot;:{&quot;unit&quot;:&quot;px&quot;,&quot;size&quot;:0,&quot;sizes&quot;:[]},&quot;grandrestaurant_ext_smoove_rotatez&quot;:{&quot;unit&quot;:&quot;px&quot;,&quot;size&quot;:0,&quot;sizes&quot;:[]},&quot;grandrestaurant_ext_smoove_translatex&quot;:{&quot;unit&quot;:&quot;px&quot;,&quot;size&quot;:0,&quot;sizes&quot;:[]},&quot;grandrestaurant_ext_smoove_translatez&quot;:{&quot;unit&quot;:&quot;px&quot;,&quot;size&quot;:0,&quot;sizes&quot;:[]},&quot;grandrestaurant_ext_smoove_skewx&quot;:{&quot;unit&quot;:&quot;px&quot;,&quot;size&quot;:0,&quot;sizes&quot;:[]},&quot;grandrestaurant_ext_smoove_skewy&quot;:{&quot;unit&quot;:&quot;px&quot;,&quot;size&quot;:0,&quot;sizes&quot;:[]},&quot;grandrestaurant_ext_smoove_perspective&quot;:{&quot;unit&quot;:&quot;px&quot;,&quot;size&quot;:1000,&quot;sizes&quot;:[]},&quot;grandrestaurant_ext_is_parallax_mouse&quot;:&quot;false&quot;,&quot;grandrestaurant_ext_is_infinite&quot;:&quot;false&quot;,&quot;grandrestaurant_ext_is_fadeout_animation&quot;:&quot;false&quot;,&quot;grandrestaurant_ext_mobile_static&quot;:&quot;false&quot;}\" data-widget_type=\"heading.default\">\n\t\t\t\t<div class=\"elementor-widget-container\">\n\t\t\t\t\t<h2 class=\"elementor-heading-title elementor-size-default\">Alternative dispute resolution<\/h2>\t\t\t\t<\/div>\n\t\t\t\t<\/div>\n\t\t\t\t<div class=\"elementor-element elementor-element-5d77463 elementor-widget elementor-widget-image\" data-id=\"5d77463\" data-element_type=\"widget\" data-e-type=\"widget\" data-settings=\"{&quot;grandrestaurant_ext_is_smoove&quot;:&quot;true&quot;,&quot;grandrestaurant_ext_smoove_disable&quot;:&quot;769&quot;,&quot;grandrestaurant_ext_smoove_duration&quot;:1000,&quot;grandrestaurant_ext_smoove_translatey&quot;:{&quot;unit&quot;:&quot;px&quot;,&quot;size&quot;:40,&quot;sizes&quot;:[]},&quot;grandrestaurant_ext_link_reservation&quot;:&quot;false&quot;,&quot;grandrestaurant_ext_link_sidemenu&quot;:&quot;false&quot;,&quot;grandrestaurant_ext_link_fullmenu&quot;:&quot;false&quot;,&quot;grandrestaurant_ext_link_closed_fullmenu&quot;:&quot;false&quot;,&quot;grandrestaurant_ext_is_scrollme&quot;:&quot;false&quot;,&quot;grandrestaurant_ext_smoove_scalex&quot;:{&quot;unit&quot;:&quot;px&quot;,&quot;size&quot;:1,&quot;sizes&quot;:[]},&quot;grandrestaurant_ext_smoove_scaley&quot;:{&quot;unit&quot;:&quot;px&quot;,&quot;size&quot;:1,&quot;sizes&quot;:[]},&quot;grandrestaurant_ext_smoove_rotatex&quot;:{&quot;unit&quot;:&quot;px&quot;,&quot;size&quot;:0,&quot;sizes&quot;:[]},&quot;grandrestaurant_ext_smoove_rotatey&quot;:{&quot;unit&quot;:&quot;px&quot;,&quot;size&quot;:0,&quot;sizes&quot;:[]},&quot;grandrestaurant_ext_smoove_rotatez&quot;:{&quot;unit&quot;:&quot;px&quot;,&quot;size&quot;:0,&quot;sizes&quot;:[]},&quot;grandrestaurant_ext_smoove_translatex&quot;:{&quot;unit&quot;:&quot;px&quot;,&quot;size&quot;:0,&quot;sizes&quot;:[]},&quot;grandrestaurant_ext_smoove_translatez&quot;:{&quot;unit&quot;:&quot;px&quot;,&quot;size&quot;:0,&quot;sizes&quot;:[]},&quot;grandrestaurant_ext_smoove_skewx&quot;:{&quot;unit&quot;:&quot;px&quot;,&quot;size&quot;:0,&quot;sizes&quot;:[]},&quot;grandrestaurant_ext_smoove_skewy&quot;:{&quot;unit&quot;:&quot;px&quot;,&quot;size&quot;:0,&quot;sizes&quot;:[]},&quot;grandrestaurant_ext_smoove_perspective&quot;:{&quot;unit&quot;:&quot;px&quot;,&quot;size&quot;:1000,&quot;sizes&quot;:[]},&quot;grandrestaurant_ext_is_parallax_mouse&quot;:&quot;false&quot;,&quot;grandrestaurant_ext_is_infinite&quot;:&quot;false&quot;,&quot;grandrestaurant_ext_is_fadeout_animation&quot;:&quot;false&quot;,&quot;grandrestaurant_ext_mobile_static&quot;:&quot;false&quot;}\" data-widget_type=\"image.default\">\n\t\t\t\t<div class=\"elementor-widget-container\">\n\t\t\t\t\t\t\t\t\t\t\t\t\t\t\t<img loading=\"lazy\" decoding=\"async\" width=\"27\" height=\"37\" src=\"https:\/\/domaunas.sk\/wp-content\/uploads\/2020\/12\/noun_leaf_3120327.png\" class=\"attachment-large size-large wp-image-3225\" alt=\"\" \/>\t\t\t\t\t\t\t\t\t\t\t\t\t\t\t<\/div>\n\t\t\t\t<\/div>\n\t\t\t\t<div class=\"elementor-element elementor-element-1f5b186 elementor-widget elementor-widget-text-editor\" data-id=\"1f5b186\" data-element_type=\"widget\" data-e-type=\"widget\" data-settings=\"{&quot;grandrestaurant_ext_is_smoove&quot;:&quot;true&quot;,&quot;grandrestaurant_ext_smoove_disable&quot;:&quot;769&quot;,&quot;grandrestaurant_ext_smoove_duration&quot;:1000,&quot;grandrestaurant_ext_smoove_translatey&quot;:{&quot;unit&quot;:&quot;px&quot;,&quot;size&quot;:40,&quot;sizes&quot;:[]},&quot;grandrestaurant_ext_link_reservation&quot;:&quot;false&quot;,&quot;grandrestaurant_ext_link_sidemenu&quot;:&quot;false&quot;,&quot;grandrestaurant_ext_link_fullmenu&quot;:&quot;false&quot;,&quot;grandrestaurant_ext_link_closed_fullmenu&quot;:&quot;false&quot;,&quot;grandrestaurant_ext_is_scrollme&quot;:&quot;false&quot;,&quot;grandrestaurant_ext_smoove_scalex&quot;:{&quot;unit&quot;:&quot;px&quot;,&quot;size&quot;:1,&quot;sizes&quot;:[]},&quot;grandrestaurant_ext_smoove_scaley&quot;:{&quot;unit&quot;:&quot;px&quot;,&quot;size&quot;:1,&quot;sizes&quot;:[]},&quot;grandrestaurant_ext_smoove_rotatex&quot;:{&quot;unit&quot;:&quot;px&quot;,&quot;size&quot;:0,&quot;sizes&quot;:[]},&quot;grandrestaurant_ext_smoove_rotatey&quot;:{&quot;unit&quot;:&quot;px&quot;,&quot;size&quot;:0,&quot;sizes&quot;:[]},&quot;grandrestaurant_ext_smoove_rotatez&quot;:{&quot;unit&quot;:&quot;px&quot;,&quot;size&quot;:0,&quot;sizes&quot;:[]},&quot;grandrestaurant_ext_smoove_translatex&quot;:{&quot;unit&quot;:&quot;px&quot;,&quot;size&quot;:0,&quot;sizes&quot;:[]},&quot;grandrestaurant_ext_smoove_translatez&quot;:{&quot;unit&quot;:&quot;px&quot;,&quot;size&quot;:0,&quot;sizes&quot;:[]},&quot;grandrestaurant_ext_smoove_skewx&quot;:{&quot;unit&quot;:&quot;px&quot;,&quot;size&quot;:0,&quot;sizes&quot;:[]},&quot;grandrestaurant_ext_smoove_skewy&quot;:{&quot;unit&quot;:&quot;px&quot;,&quot;size&quot;:0,&quot;sizes&quot;:[]},&quot;grandrestaurant_ext_smoove_perspective&quot;:{&quot;unit&quot;:&quot;px&quot;,&quot;size&quot;:1000,&quot;sizes&quot;:[]},&quot;grandrestaurant_ext_is_parallax_mouse&quot;:&quot;false&quot;,&quot;grandrestaurant_ext_is_infinite&quot;:&quot;false&quot;,&quot;grandrestaurant_ext_is_fadeout_animation&quot;:&quot;false&quot;,&quot;grandrestaurant_ext_mobile_static&quot;:&quot;false&quot;}\" data-widget_type=\"text-editor.default\">\n\t\t\t\t<div class=\"elementor-widget-container\">\n\t\t\t\t\t\t\t\t\t<div id=\"page\" class=\"site grid-container container hfeed\"><div id=\"content\" class=\"site-content\"><div id=\"primary\" class=\"content-area\"><p>\u00a0<\/p><article id=\"post-2799\" class=\"post-2799 page type-page status-publish\"><div class=\"inside-article\"><div class=\"entry-content\"><p class=\"has-text-align-center\" style=\"text-align: left;\"><strong>MBM Tatry, s.r.o., N\u00e1m. Sv. Eg\u00eddia 114, 058 01 Poprad, Operation: At our place, Sobotsk\u00e9 n\u00e1m. 27, 058 01 Poprad \u2013 Sp. Sobota ALTERNATIVE DISPUTE RESOLUTION\u00a0\u00a0<\/strong><\/p><p style=\"text-align: left;\">1. The buyer has the right to request redress from the seller if he feels that the seller has violated his rights or has not resolved the complaint to the consumer's satisfaction. If the seller has responded negatively to his request for redress of the violation of his consumer rights, or has not responded to his request for more than 30 days, the consumer may submit a proposal to initiate alternative dispute resolution with an alternative dispute resolution entity (hereinafter referred to as the ADR entity) pursuant to Act No. 391\/2015 Coll. on Alternative Dispute Resolution. According to Section 3 of Act No. 391\/2015 Coll., ADR entities are authorities and authorized legal entities. The consumer has the right to choose between ADR entities. The consumer may submit a proposal in the manner specified in Section 12 of Act No. 391\/2015 Coll.<\/p><p style=\"text-align: left;\">2. A list of alternative dispute resolution entities can be found on the website of the Ministry of Economy of the Slovak Republic \u2013 hhp:\/\/www.mhsr.sk\/. The website also publishes other important information about alternative dispute resolution for consumers.<\/p><p style=\"text-align: left;\" class=\"translation-block\">3. In the case of the sale of goods or the provision of services based on a distance contract or a contract concluded outside the seller's premises, the consumer has the right to contact the seller with a request for redress (<strong>e-mail<\/strong>) if he is not satisfied with the way in which the seller has handled his complaint or if he believes that the seller has violated his rights. If the seller responds negatively to this request or does not respond to it within 30 days of its sending, the consumer has the right to submit a proposal to initiate alternative dispute resolution with an alternative dispute resolution entity (hereinafter referred to as the ADR entity) pursuant to Act 391\/2015 Coll. ADR entities are authorities and authorized legal entities pursuant to Section 3 of Act 391\/2015 Coll. The consumer may submit a proposal in the manner specified in Section 12 of Act 391\/2015 Coll. The consumer can also submit a proposal through the Alternative Dispute Resolution Platform (ODR), which is available online at: http:\/\/ec.europa.eu\/consumers\/odr\/.<\/p><p style=\"text-align: left;\">4. Only disputes arising from a contract between the seller and the consumer and disputes related to this contract may be resolved through ADR, with the exception of disputes pursuant to the provisions of \u00a7 1, paragraph 4 of Act No. 391\/2015 Coll. and disputes whose value does not exceed EUR 20. A proposal to initiate ADR is submitted to the ADR entity pursuant to the provisions of \u00a7 3 of the cited Act, using a designated placard or form, the model of which is Annex No. 1 of the cited Act. The ADR entity may request payment of a fee for initiating ADR from the consumer, up to a maximum of EUR 5 including VAT. If several entities are competent for ADR, the consumer has the right to choose which of them to submit the proposal to. In addition to ADR, the consumer has the right to turn to a general or arbitration court with substantive and territorial jurisdiction.\u00a0<\/p><\/div><\/div><\/article><p>\u00a0<\/p><\/div><\/div><\/div><div class=\"site-footer grid-container\"><div class=\"gb-container gb-container-469ffa5c\"><div class=\"gb-container gb-container-403da3ac alignfull\"><div class=\"gb-grid-wrapper gb-grid-wrapper-1fc030fb\"><div class=\"gb-grid-column gb-grid-column-28cc6578\"><div class=\"gb-container gb-container-28cc6578\" style=\"text-align: left;\">\u00a0<\/div><\/div><\/div><\/div><\/div><\/div>\t\t\t\t\t\t\t\t<\/div>\n\t\t\t\t<\/div>\n\t\t\t\t\t<\/div>\n\t\t<\/div>\n\t\t\t\t\t<\/div>\n\t\t<\/section>\n\t\t\t\t<\/div>","protected":false},"excerpt":{"rendered":"<p>Domau n\u00e1s Alternat\u00edvne rie\u0161enie sporov \u00a0 MBM Tatry, s.r.o., N\u00e1m. Sv. Eg\u00eddia 114, 058 01 Poprad, Prev\u00e1dzka : Doma u n\u00e1s, Sobotsk\u00e9 n\u00e1m. 27, 058 01 Poprad \u2013 Sp. Sobota ALTERNAT\u00cdVNE RIE\u0160ENIE SPOROV\u00a0\u00a0 1.Nakupuj\u00faci m\u00e1 pr\u00e1vo po\u017eiada\u0165 pred\u00e1vaj\u00faceho o n\u00e1pravu [&hellip;]<\/p>\n","protected":false},"author":1,"featured_media":0,"parent":0,"menu_order":0,"comment_status":"closed","ping_status":"closed","template":"","meta":{"footnotes":""},"class_list":["post-5472","page","type-page","status-publish","hentry"],"_links":{"self":[{"href":"https:\/\/domaunas.sk\/en\/wp-json\/wp\/v2\/pages\/5472","targetHints":{"allow":["GET"]}}],"collection":[{"href":"https:\/\/domaunas.sk\/en\/wp-json\/wp\/v2\/pages"}],"about":[{"href":"https:\/\/domaunas.sk\/en\/wp-json\/wp\/v2\/types\/page"}],"author":[{"embeddable":true,"href":"https:\/\/domaunas.sk\/en\/wp-json\/wp\/v2\/users\/1"}],"replies":[{"embeddable":true,"href":"https:\/\/domaunas.sk\/en\/wp-json\/wp\/v2\/comments?post=5472"}],"version-history":[{"count":7,"href":"https:\/\/domaunas.sk\/en\/wp-json\/wp\/v2\/pages\/5472\/revisions"}],"predecessor-version":[{"id":6302,"href":"https:\/\/domaunas.sk\/en\/wp-json\/wp\/v2\/pages\/5472\/revisions\/6302"}],"wp:attachment":[{"href":"https:\/\/domaunas.sk\/en\/wp-json\/wp\/v2\/media?parent=5472"}],"curies":[{"name":"wp","href":"https:\/\/api.w.org\/{rel}","templated":true}]}}